{"id":910,"date":"2025-05-22T12:26:26","date_gmt":"2025-05-22T12:26:26","guid":{"rendered":"https:\/\/darkgreen-camel-164031.hostingersite.com\/?page_id=910"},"modified":"2025-06-07T19:23:13","modified_gmt":"2025-06-07T19:23:13","slug":"les-fondateurs","status":"publish","type":"page","link":"https:\/\/carnetdyves.com\/en\/les-fondateurs\/","title":{"rendered":"Les fondateurs du Carnet d&#8217;Yves"},"content":{"rendered":"\n<h2 id=\"une-rencontre-un-style-une-vision\" class=\"wp-block-heading has-text-align-left\">Une rencontre, un style, une vision<\/h2>\n\n\n\n<p class=\"has-text-align-left\">Une passion commune, une ville qui respire l&#8217;\u00e9l\u00e9gance masculine et un \u00e9v\u00e9nement incontournable de la mode c&#8217;est en janvier dernier lors du <a href=\"https:\/\/uomo.pittimmagine.com\/\" target=\"_blank\" rel=\"noopener\" title=\"Pitti Uomo\">Pitti Uomo<\/a> 107 \u00e0 Firenze que <a href=\"https:\/\/carnetdyves.com\/les-fondateurs\/matteo-caprio\/\" title=\"Matteo\">Matteo<\/a>, <a href=\"https:\/\/carnetdyves.com\/les-fondateurs\/richard-berthiaume\/\" title=\"Richard\">Richard<\/a> et <a href=\"https:\/\/carnetdyves.com\/les-fondateurs\/yves-dron\/\" title=\"Yves\">Yves<\/a> se rencontrent. Une \u00e9vidence, une rencontre comme en fait peu et une envie commune de cr\u00e9er quelque chose d&#8217;authentique, de partager et de f\u00e9d\u00e9rer autour d&#8217;un sujet qui nous rassemble : l&#8217;\u00e9l\u00e9gance sans se prendre trop au s\u00e9rieux, ce subtil \u00e9quilibre que les italiens sont clairement comme \u00e9tant&nbsp;\u00ab&nbsp;Sprezzatura. \u00bb<\/p>\n\n\n\n<h2 id=\"notre-equipe\" class=\"wp-block-heading\">Notre \u00e9quipe<\/h2>\n\n\n\n<p><strong>Derri\u00e8re cette envie de cr\u00e9er, il y a surtout trois personnalit\u00e9s compl\u00e9mentaires.<\/strong><br>Trois parcours diff\u00e9rents, mais une m\u00eame passion pour l\u2019\u00e9l\u00e9gance, le beau geste et le style qui raconte quelque chose. Ensemble, nous formons un trio uni par l\u2019envie de partager une vision sinc\u00e8re, accessible et un brin d\u00e9cal\u00e9e de la mode masculine. Voici notre \u00e9quipe.<\/p>\n\n\n\n<div class=\"wp-block-columns is-layout-flex wp-container-core-columns-is-layout-9d6595d7 wp-block-columns-is-layout-flex\">\n<div class=\"wp-block-column is-layout-flow wp-block-column-is-layout-flow\">\n<figure class=\"wp-block-image size-large\"><img  loading=\"lazy\"  decoding=\"async\"  width=\"819\"  height=\"1024\"  src=\"data:image\/png;base64,iVBORw0KGgoAAAANSUhEUgAAAzMAAAQAAQMAAADvLJV4AAAAA1BMVEUAAP+KeNJXAAAAAXRSTlMAQObYZgAAAAlwSFlzAAAOxAAADsQBlSsOGwAAAH5JREFUeNrtwQENAAAAwqD3T20PBxQAAAAAAAAAAAAAAAAAAAAAAAAAAAAAAAAAAAAAAAAAAAAAAAAAAAAAAAAAAAAAAAAAAAAAAAAAAAAAAAAAAAAAAAAAAAAAAAAAAAAAAAAAAAAAAAAAAAAAAAAAAAAAAAAAAAAAAADAhwGgDwABzMrXgAAAAABJRU5ErkJggg==\"  alt=\"\"  class=\"wp-image-1257 pk-lazyload\"  data-pk-sizes=\"auto\"  data-ls-sizes=\"auto, (max-width: 819px) 100vw, 819px\"  data-pk-src=\"https:\/\/carnetdyves.com\/wp-content\/uploads\/2025\/06\/DSC00677-2-819x1024.jpg\"  data-pk-srcset=\"https:\/\/carnetdyves.com\/wp-content\/uploads\/2025\/06\/DSC00677-2-819x1024.jpg 819w, https:\/\/carnetdyves.com\/wp-content\/uploads\/2025\/06\/DSC00677-2-240x300.jpg 240w, https:\/\/carnetdyves.com\/wp-content\/uploads\/2025\/06\/DSC00677-2-768x960.jpg 768w, https:\/\/carnetdyves.com\/wp-content\/uploads\/2025\/06\/DSC00677-2-1229x1536.jpg 1229w, https:\/\/carnetdyves.com\/wp-content\/uploads\/2025\/06\/DSC00677-2-1638x2048.jpg 1638w, https:\/\/carnetdyves.com\/wp-content\/uploads\/2025\/06\/DSC00677-2-110x137.jpg 110w, https:\/\/carnetdyves.com\/wp-content\/uploads\/2025\/06\/DSC00677-2-200x250.jpg 200w, https:\/\/carnetdyves.com\/wp-content\/uploads\/2025\/06\/DSC00677-2-380x475.jpg 380w, https:\/\/carnetdyves.com\/wp-content\/uploads\/2025\/06\/DSC00677-2-255x318.jpg 255w, https:\/\/carnetdyves.com\/wp-content\/uploads\/2025\/06\/DSC00677-2-300x375.jpg 300w, https:\/\/carnetdyves.com\/wp-content\/uploads\/2025\/06\/DSC00677-2-550x687.jpg 550w, https:\/\/carnetdyves.com\/wp-content\/uploads\/2025\/06\/DSC00677-2-800x1000.jpg 800w, https:\/\/carnetdyves.com\/wp-content\/uploads\/2025\/06\/DSC00677-2-1160x1450.jpg 1160w, https:\/\/carnetdyves.com\/wp-content\/uploads\/2025\/06\/DSC00677-2-2458x3072.jpg 2458w, https:\/\/carnetdyves.com\/wp-content\/uploads\/2025\/06\/DSC00677-2-3277x4096.jpg 3277w, https:\/\/carnetdyves.com\/wp-content\/uploads\/2025\/06\/DSC00677-2-220x274.jpg 220w, https:\/\/carnetdyves.com\/wp-content\/uploads\/2025\/06\/DSC00677-2-400x500.jpg 400w, https:\/\/carnetdyves.com\/wp-content\/uploads\/2025\/06\/DSC00677-2-760x950.jpg 760w, https:\/\/carnetdyves.com\/wp-content\/uploads\/2025\/06\/DSC00677-2-510x638.jpg 510w, https:\/\/carnetdyves.com\/wp-content\/uploads\/2025\/06\/DSC00677-2-600x750.jpg 600w, https:\/\/carnetdyves.com\/wp-content\/uploads\/2025\/06\/DSC00677-2-1100x1374.jpg 1100w, https:\/\/carnetdyves.com\/wp-content\/uploads\/2025\/06\/DSC00677-2-1600x2000.jpg 1600w, https:\/\/carnetdyves.com\/wp-content\/uploads\/2025\/06\/DSC00677-2-2320x2900.jpg 2320w, https:\/\/carnetdyves.com\/wp-content\/uploads\/2025\/06\/DSC00677-2-480x600.jpg 480w, https:\/\/carnetdyves.com\/wp-content\/uploads\/2025\/06\/DSC00677-2-1536x1920.jpg 1536w, https:\/\/carnetdyves.com\/wp-content\/uploads\/2025\/06\/DSC00677-2-scaled.jpg 2048w\" ><\/figure>\n\n\n\n<p>Auteur<\/p>\n\n\n\n<h3 id=\"yves-dron\" class=\"wp-block-heading\">Yves Dron<\/h3>\n\n\n\n<p>\u00c0 la crois\u00e9e du style et de l\u2019authenticit\u00e9 : bienvenue sur Carnet d\u2019Yves<\/p>\n\n\n\n<p>Apr\u00e8s plus de dix ans \u00e0 accompagner plus de 1 000 personnes dans la construction de leur style vestimentaire, Yves Dron a fond\u00e9 Dress Me Up \u00e0 Nantes avec une ambition claire : d\u00e9mocratiser le personal shopping et d\u00e9poussi\u00e9rer l\u2019image du conseil en style. Entre collaborations avec des marques, shootings, conf\u00e9rences et l\u2019ouverture r\u00e9cente de sa boutique de costumes sur mesure aux Sables-d\u2019Olonne, Yves n\u2019a jamais cess\u00e9 d\u2019explorer l\u2019univers du style masculin avec exigence et sinc\u00e9rit\u00e9.<\/p>\n\n\n\n<p>C\u2019est dans cette m\u00eame dynamique qu\u2019est n\u00e9 Carnet d\u2019Yves, un blog collaboratif imagin\u00e9 avec Richard et Matteo, rencontr\u00e9 lors du Pitti Uomo 107. Ensemble, ils partagent une vision commune : proposer un m\u00e9dia honn\u00eate, inspirant et nuanc\u00e9, loin des tendances \u00e9ph\u00e9m\u00e8res et des discours format\u00e9s. Ici, on parle de style masculin durable, de conseils concrets et de marques inspirantes \u2014 toujours dans le respect du lecteur et avec un engagement de transparence.<\/p>\n\n\n\n<div class=\"wp-block-buttons is-layout-flex wp-block-buttons-is-layout-flex\">\n<div class=\"wp-block-button is-style-fill\" id=\"https:\/\/carnetdyves.com\/les-fondateurs\/yves-dron\/\"><a class=\"wp-block-button__link wp-element-button\" href=\"https:\/\/carnetdyves.com\/les-fondateurs\/yves-dron\/\" style=\"border-radius:0px\">En savoir plus sur Yves<\/a><\/div>\n<\/div>\n<\/div>\n\n\n\n<div class=\"wp-block-column is-layout-flow wp-block-column-is-layout-flow\">\n<figure class=\"wp-block-image size-full\"><img  loading=\"lazy\"  decoding=\"async\"  width=\"2048\"  height=\"2560\"  src=\"data:image\/png;base64,iVBORw0KGgoAAAANSUhEUgAACAAAAAoAAQMAAAAf9lBaAAAAA1BMVEUAAP+KeNJXAAAAAXRSTlMAQObYZgAAAAlwSFlzAAAOxAAADsQBlSsOGwAAApRJREFUeNrtwYEAAAAAw6D5Ux\/gClUBAAAAAAAAAAAAAAAAAAAAAAAAAAAAAAAAAAAAAAAAAAAAAAAAAAAAAAAAAAAAAAAAAAAAAAAAAAAAAAAAAAAAAAAAAAAAAAAAAAAAAAAAAAAAAAAAAAAAAAAAAAAAAAAAAAAAAAAAAAAAAAAAAAAAAAAAAAAAAAAAAAAAAAAAAAAAAAAAAAAAAAAAAAAAAAAAAAAAAAAAAAAAAAAAAAAAAAAAAAAAAAAAAAAAAAAAAAAAAAAAAAAAAAAAAAAAAAAAAAAAAAAAAAAAAAAAAAAAAAAAAAAAAAAAAAAAAAAAAAAAAAAAAAAAAAAAAAAAAAAAAAAAAAAAAAAAAAAAAAAAAAAAAAAAAAAAAAAAAAAAAAAAAAAAAAAAAAAAAAAAAAAAAAAAAAAAAAAAAAAAAAAAAAAAAAAAAAAAAAAAAAAAAAAAAAAAAAAAAAAAAAAAAAAAAAAAAAAAAAAAAAAAAAAAAAAAAAAAAAAAAAAAAAAAAAAAAAAAAAAAAAAAAAAAAAAAAAAAAAAAAAAAAAAAAAAAAAAAAAAAAAAAAAAAAAAAAAAAAAAAAAAAAAAAAAAAAAAAAAAAAAAAAAAAAAAAAAAAAAAAAAAAAAAAAAAAAAAAAAAAAAAAAAAAAAAAAAAAAAAAAAAAAAAAAAAAAAAAAAAAAAAAAAAAAAAAAAAAAAAAAAAAAAAAAAAAAAAAAAAAAAAAAAAAAAAAAAAAAAAAAAAAAAAAAAAAAAAAAAAAAAAAAAAAAAAAAAAAAAAAAAAAAAAAAAAAAAAAAAAAAAAAAAAAAAAAAAAAAAAAAAAAAAAAAAAAAAAAAAAAAAAAAAAAAAAAAAAAAAAAAAAAAAAAwBsKlgABo127RwAAAABJRU5ErkJggg==\"  alt=\"\"  class=\"wp-image-1102 pk-lazyload\"  data-pk-sizes=\"auto\"  data-ls-sizes=\"auto, (max-width: 2048px) 100vw, 2048px\"  data-pk-src=\"https:\/\/carnetdyves.com\/wp-content\/uploads\/2025\/05\/rich-2-scaled.jpg\"  data-pk-srcset=\"https:\/\/carnetdyves.com\/wp-content\/uploads\/2025\/05\/rich-2-scaled.jpg 2048w, https:\/\/carnetdyves.com\/wp-content\/uploads\/2025\/05\/rich-2-240x300.jpg 240w, https:\/\/carnetdyves.com\/wp-content\/uploads\/2025\/05\/rich-2-819x1024.jpg 819w, https:\/\/carnetdyves.com\/wp-content\/uploads\/2025\/05\/rich-2-768x960.jpg 768w, https:\/\/carnetdyves.com\/wp-content\/uploads\/2025\/05\/rich-2-1229x1536.jpg 1229w, https:\/\/carnetdyves.com\/wp-content\/uploads\/2025\/05\/rich-2-1638x2048.jpg 1638w, https:\/\/carnetdyves.com\/wp-content\/uploads\/2025\/05\/rich-2-110x137.jpg 110w, https:\/\/carnetdyves.com\/wp-content\/uploads\/2025\/05\/rich-2-200x250.jpg 200w, https:\/\/carnetdyves.com\/wp-content\/uploads\/2025\/05\/rich-2-380x475.jpg 380w, https:\/\/carnetdyves.com\/wp-content\/uploads\/2025\/05\/rich-2-255x318.jpg 255w, https:\/\/carnetdyves.com\/wp-content\/uploads\/2025\/05\/rich-2-300x375.jpg 300w, https:\/\/carnetdyves.com\/wp-content\/uploads\/2025\/05\/rich-2-550x687.jpg 550w, https:\/\/carnetdyves.com\/wp-content\/uploads\/2025\/05\/rich-2-800x1000.jpg 800w, https:\/\/carnetdyves.com\/wp-content\/uploads\/2025\/05\/rich-2-1160x1450.jpg 1160w, https:\/\/carnetdyves.com\/wp-content\/uploads\/2025\/05\/rich-2-2458x3072.jpg 2458w, https:\/\/carnetdyves.com\/wp-content\/uploads\/2025\/05\/rich-2-3277x4096.jpg 3277w, https:\/\/carnetdyves.com\/wp-content\/uploads\/2025\/05\/rich-2-220x274.jpg 220w, https:\/\/carnetdyves.com\/wp-content\/uploads\/2025\/05\/rich-2-400x500.jpg 400w, https:\/\/carnetdyves.com\/wp-content\/uploads\/2025\/05\/rich-2-760x950.jpg 760w, https:\/\/carnetdyves.com\/wp-content\/uploads\/2025\/05\/rich-2-510x637.jpg 510w, https:\/\/carnetdyves.com\/wp-content\/uploads\/2025\/05\/rich-2-600x750.jpg 600w, https:\/\/carnetdyves.com\/wp-content\/uploads\/2025\/05\/rich-2-1100x1374.jpg 1100w, https:\/\/carnetdyves.com\/wp-content\/uploads\/2025\/05\/rich-2-1600x2000.jpg 1600w, https:\/\/carnetdyves.com\/wp-content\/uploads\/2025\/05\/rich-2-2320x2900.jpg 2320w, https:\/\/carnetdyves.com\/wp-content\/uploads\/2025\/05\/rich-2-480x600.jpg 480w, https:\/\/carnetdyves.com\/wp-content\/uploads\/2025\/05\/rich-2-1536x1920.jpg 1536w\" ><\/figure>\n\n\n\n<p>Auteur<\/p>\n\n\n\n<h3 id=\"richard-berthiaume\" class=\"wp-block-heading\">Richard Berthiaume<\/h3>\n\n\n\n<p>Propuls\u00e9 par ma passion pour la mode masculine en g\u00e9n\u00e9ral et par le sartorialisme plus<br>r\u00e9cemment, je vous convie \u00e0 me suivre dans cette exp\u00e9rience de blog collaboratif ou<br>toutes les facettes de l\u2019univers vestimentaire masculin seront scrut\u00e9es \u00e0 la loupe. C\u2019est<br>un rendez-vous.<\/p>\n\n\n\n<div class=\"wp-block-buttons is-layout-flex wp-block-buttons-is-layout-flex\">\n<div class=\"wp-block-button\"><a class=\"wp-block-button__link wp-element-button\" href=\"https:\/\/carnetdyves.com\/les-fondateurs\/richard-berthiaume\/\" style=\"border-radius:0px\">En savoir plus sur Richard<\/a><\/div>\n<\/div>\n<\/div>\n\n\n\n<div class=\"wp-block-column is-layout-flow wp-block-column-is-layout-flow\">\n<figure class=\"wp-block-image size-full\"><img  loading=\"lazy\"  decoding=\"async\"  width=\"2048\"  height=\"2560\"  src=\"data:image\/png;base64,iVBORw0KGgoAAAANSUhEUgAACAAAAAoAAQMAAAAf9lBaAAAAA1BMVEUAAP+KeNJXAAAAAXRSTlMAQObYZgAAAAlwSFlzAAAOxAAADsQBlSsOGwAAApRJREFUeNrtwYEAAAAAw6D5Ux\/gClUBAAAAAAAAAAAAAAAAAAAAAAAAAAAAAAAAAAAAAAAAAAAAAAAAAAAAAAAAAAAAAAAAAAAAAAAAAAAAAAAAAAAAAAAAAAAAAAAAAAAAAAAAAAAAAAAAAAAAAAAAAAAAAAAAAAAAAAAAAAAAAAAAAAAAAAAAAAAAAAAAAAAAAAAAAAAAAAAAAAAAAAAAAAAAAAAAAAAAAAAAAAAAAAAAAAAAAAAAAAAAAAAAAAAAAAAAAAAAAAAAAAAAAAAAAAAAAAAAAAAAAAAAAAAAAAAAAAAAAAAAAAAAAAAAAAAAAAAAAAAAAAAAAAAAAAAAAAAAAAAAAAAAAAAAAAAAAAAAAAAAAAAAAAAAAAAAAAAAAAAAAAAAAAAAAAAAAAAAAAAAAAAAAAAAAAAAAAAAAAAAAAAAAAAAAAAAAAAAAAAAAAAAAAAAAAAAAAAAAAAAAAAAAAAAAAAAAAAAAAAAAAAAAAAAAAAAAAAAAAAAAAAAAAAAAAAAAAAAAAAAAAAAAAAAAAAAAAAAAAAAAAAAAAAAAAAAAAAAAAAAAAAAAAAAAAAAAAAAAAAAAAAAAAAAAAAAAAAAAAAAAAAAAAAAAAAAAAAAAAAAAAAAAAAAAAAAAAAAAAAAAAAAAAAAAAAAAAAAAAAAAAAAAAAAAAAAAAAAAAAAAAAAAAAAAAAAAAAAAAAAAAAAAAAAAAAAAAAAAAAAAAAAAAAAAAAAAAAAAAAAAAAAAAAAAAAAAAAAAAAAAAAAAAAAAAAAAAAAAAAAAAAAAAAAAAAAAAAAAAAAAAAAAAAAAAAAAAAAAAAAAAAAAAAAAAAAAAAAAAAAAAAAAAAAAAAAAAAAAAAAAAAAAAAAwBsKlgABo127RwAAAABJRU5ErkJggg==\"  alt=\"\"  class=\"wp-image-960 pk-lazyload\"  data-pk-sizes=\"auto\"  data-ls-sizes=\"auto, (max-width: 2048px) 100vw, 2048px\"  data-pk-src=\"https:\/\/carnetdyves.com\/wp-content\/uploads\/2025\/05\/DSC08147-3-scaled.jpg\"  data-pk-srcset=\"https:\/\/carnetdyves.com\/wp-content\/uploads\/2025\/05\/DSC08147-3-scaled.jpg 2048w, https:\/\/carnetdyves.com\/wp-content\/uploads\/2025\/05\/DSC08147-3-240x300.jpg 240w, https:\/\/carnetdyves.com\/wp-content\/uploads\/2025\/05\/DSC08147-3-819x1024.jpg 819w, https:\/\/carnetdyves.com\/wp-content\/uploads\/2025\/05\/DSC08147-3-768x960.jpg 768w, https:\/\/carnetdyves.com\/wp-content\/uploads\/2025\/05\/DSC08147-3-1229x1536.jpg 1229w, https:\/\/carnetdyves.com\/wp-content\/uploads\/2025\/05\/DSC08147-3-1638x2048.jpg 1638w, https:\/\/carnetdyves.com\/wp-content\/uploads\/2025\/05\/DSC08147-3-110x137.jpg 110w, https:\/\/carnetdyves.com\/wp-content\/uploads\/2025\/05\/DSC08147-3-200x250.jpg 200w, https:\/\/carnetdyves.com\/wp-content\/uploads\/2025\/05\/DSC08147-3-380x475.jpg 380w, https:\/\/carnetdyves.com\/wp-content\/uploads\/2025\/05\/DSC08147-3-255x318.jpg 255w, https:\/\/carnetdyves.com\/wp-content\/uploads\/2025\/05\/DSC08147-3-300x375.jpg 300w, https:\/\/carnetdyves.com\/wp-content\/uploads\/2025\/05\/DSC08147-3-550x687.jpg 550w, https:\/\/carnetdyves.com\/wp-content\/uploads\/2025\/05\/DSC08147-3-800x1000.jpg 800w, https:\/\/carnetdyves.com\/wp-content\/uploads\/2025\/05\/DSC08147-3-1160x1450.jpg 1160w, https:\/\/carnetdyves.com\/wp-content\/uploads\/2025\/05\/DSC08147-3-2458x3072.jpg 2458w, https:\/\/carnetdyves.com\/wp-content\/uploads\/2025\/05\/DSC08147-3-3277x4096.jpg 3277w, https:\/\/carnetdyves.com\/wp-content\/uploads\/2025\/05\/DSC08147-3-220x274.jpg 220w, https:\/\/carnetdyves.com\/wp-content\/uploads\/2025\/05\/DSC08147-3-400x500.jpg 400w, https:\/\/carnetdyves.com\/wp-content\/uploads\/2025\/05\/DSC08147-3-760x950.jpg 760w, https:\/\/carnetdyves.com\/wp-content\/uploads\/2025\/05\/DSC08147-3-510x638.jpg 510w, https:\/\/carnetdyves.com\/wp-content\/uploads\/2025\/05\/DSC08147-3-600x750.jpg 600w, https:\/\/carnetdyves.com\/wp-content\/uploads\/2025\/05\/DSC08147-3-1100x1374.jpg 1100w, https:\/\/carnetdyves.com\/wp-content\/uploads\/2025\/05\/DSC08147-3-1600x2000.jpg 1600w, https:\/\/carnetdyves.com\/wp-content\/uploads\/2025\/05\/DSC08147-3-2320x2900.jpg 2320w, https:\/\/carnetdyves.com\/wp-content\/uploads\/2025\/05\/DSC08147-3-480x600.jpg 480w, https:\/\/carnetdyves.com\/wp-content\/uploads\/2025\/05\/DSC08147-3-1536x1920.jpg 1536w\" ><\/figure>\n\n\n\n<p>Cr\u00e9ateur de contenu &amp; photographe<\/p>\n\n\n\n<h3 id=\"matteo-caprio\" class=\"wp-block-heading\">Matteo Caprio<\/h3>\n\n\n\n<p><strong>Matteo Caprio est un passionn\u00e9 de cr\u00e9ation num\u00e9rique, d&#8217;esth\u00e9tique m\u00e9diterran\u00e9enne et de r\u00e9cits authentiques.<\/strong><br>Fran\u00e7ais d\u2019origine italienne, install\u00e9 \u00e0 Montr\u00e9al depuis plus de dix ans, il partage \u00e0 travers <em>Le Carnet d\u2019Yves<\/em> une vision du style masculin \u00e0 la fois \u00e9l\u00e9gante, personnelle et intemporelle.<br>Cr\u00e9ateur de contenu, photographe et developper web, Matteo raconte avec sinc\u00e9rit\u00e9 son quotidien de p\u00e8re, ses inspirations mode, ses voyages et ses coups de c\u0153ur culturels.<\/p>\n\n\n\n<div class=\"wp-block-buttons is-layout-flex wp-block-buttons-is-layout-flex\">\n<div class=\"wp-block-button\" id=\"https:\/\/carnetdyves.com\/les-fondateurs\/matteo-caprio\/\"><a class=\"wp-block-button__link wp-element-button\" href=\"https:\/\/carnetdyves.com\/les-fondateurs\/matteo-caprio\/\" style=\"border-radius:0px\">En savoir plus sur Matteo<\/a><\/div>\n<\/div>\n<\/div>\n<\/div>\n","protected":false},"excerpt":{"rendered":"Une rencontre, un style, une vision Une passion commune, une ville qui respire l&#8217;\u00e9l\u00e9gance masculine et un \u00e9v\u00e9nement&hellip;\n","protected":false},"author":1,"featured_media":1258,"parent":0,"menu_order":0,"comment_status":"closed","ping_status":"closed","template":"","meta":{"om_disable_all_campaigns":false,"_monsterinsights_skip_tracking":false,"_monsterinsights_sitenote_active":false,"_monsterinsights_sitenote_note":"","_monsterinsights_sitenote_category":0,"footnotes":""},"class_list":["post-910","page","type-page","status-publish","has-post-thumbnail"],"aioseo_notices":[],"_links":{"self":[{"href":"https:\/\/carnetdyves.com\/en\/wp-json\/wp\/v2\/pages\/910","targetHints":{"allow":["GET"]}}],"collection":[{"href":"https:\/\/carnetdyves.com\/en\/wp-json\/wp\/v2\/pages"}],"about":[{"href":"https:\/\/carnetdyves.com\/en\/wp-json\/wp\/v2\/types\/page"}],"author":[{"embeddable":true,"href":"https:\/\/carnetdyves.com\/en\/wp-json\/wp\/v2\/users\/1"}],"replies":[{"embeddable":true,"href":"https:\/\/carnetdyves.com\/en\/wp-json\/wp\/v2\/comments?post=910"}],"version-history":[{"count":35,"href":"https:\/\/carnetdyves.com\/en\/wp-json\/wp\/v2\/pages\/910\/revisions"}],"predecessor-version":[{"id":1344,"href":"https:\/\/carnetdyves.com\/en\/wp-json\/wp\/v2\/pages\/910\/revisions\/1344"}],"wp:featuredmedia":[{"embeddable":true,"href":"https:\/\/carnetdyves.com\/en\/wp-json\/wp\/v2\/media\/1258"}],"wp:attachment":[{"href":"https:\/\/carnetdyves.com\/en\/wp-json\/wp\/v2\/media?parent=910"}],"curies":[{"name":"wp","href":"https:\/\/api.w.org\/{rel}","templated":true}]}}