{"id":1047,"date":"2025-05-29T02:55:30","date_gmt":"2025-05-29T02:55:30","guid":{"rendered":"https:\/\/carnetdyves.com\/?page_id=1047"},"modified":"2025-06-07T17:50:21","modified_gmt":"2025-06-07T17:50:21","slug":"richard-berthiaume","status":"publish","type":"page","link":"https:\/\/carnetdyves.com\/en\/les-fondateurs\/richard-berthiaume\/","title":{"rendered":"Richard Berthiaume"},"content":{"rendered":"\n<p>Richard, c\u2019est l\u2019\u00e9l\u00e9gance sans effort, le tailoring instinctif, l\u2019\u00e2me d\u2019un gentleman moderne.<\/p>\n\n\n\n<h2 id=\"son-parcours\" class=\"wp-block-heading\">Son parcours<\/h2>\n\n\n\n<p>La passion ne se d\u00e9ment pas.<\/p>\n\n\n\n<p>M\u00eame si je n\u2019ai jamais v\u00e9cu ou gagn\u00e9 ma vie dans ce domaine, je suis passionn\u00e9 de mode masculine depuis toujours. <\/p>\n\n\n\n<p>Je suis convaincu que ceci est un h\u00e9ritage de mon p\u00e8re. J\u2019adore cet univers qui me fait vibrer \u00e0 tous les jours. D\u00e9j\u00e0 jeune adulte, je participais \u00e0 des d\u00e9fil\u00e9s de mode toujours \u00e0 la recherche de nouveaux d\u00e9fis et de nouvelles exp\u00e9riences. J\u2019\u00e9tais passionn\u00e9 par ce champ d\u2019activit\u00e9. J\u2019y ai m\u00eame travaill\u00e9 \u00e0 temps partiel pendant mes \u00e9tudes et m\u00eame r\u00e9cemment pour mon propre plaisir. <\/p>\n\n\n\n<h2 id=\"son-style\" class=\"wp-block-heading\">Son style<\/h2>\n\n\n\n<p>J\u2019\u00e9tais continuellement \u00e0 l\u2019affut des tendances de la mode tout en d\u00e9veloppant mon propre style que je consid\u00e9rais alors comme contemporain et\/ou classique. Plus pr\u00e8s de nous et ce depuis quelques ann\u00e9es, j\u2019ai d\u00e9couvert davantage le style sartorial qui me permet aujourd\u2019hui de me r\u00e9aliser compl\u00e8tement dans le domaine vestimentaire. <\/p>\n\n\n\n<blockquote class=\"wp-block-quote is-layout-flow wp-block-quote-is-layout-flow\">\n<p class=\"has-medium-font-size\">\u201cJe n\u2019ai jamais vraiment appris \u00e0 m\u2019habiller, c\u2019est venu comme \u00e7a, en observant. J\u2019aime quand un v\u00eatement raconte quelque chose, sans avoir \u00e0 parler.\u201d<\/p>\n<\/blockquote>\n\n\n\n<h2 id=\"son-role-dans-carnet-dyves\" class=\"wp-block-heading\">Son r\u00f4le dans Carnet d\u2019Yves<\/h2>\n\n\n\n<p>Mon exp\u00e9rience r\u00e9cente du Pitti \u00e0 Florence en Italie en janvier dernier a concr\u00e9tis\u00e9 cet engouement. J\u2019y serai encore avec plaisir \u00e0 la mi-juin participant \u00e0 la version estivale. <\/p>\n\n\n\n<p>J\u2019aurai de belles aventures \u00e0 communiquer. C\u2019est fort de ces exp\u00e9riences et de ce d\u00e9sir de toujours aller plus loin et d\u2019en conna\u00eetre davantage qu\u2019il me fait le plus grand des plaisirs de contribuer \u00e0 ce projet de blog collaboratif. <\/p>\n\n\n\n<p>J\u2019ai encore beaucoup \u00e0 apprendre mais tellement de trucs \u00e0 partager et \u00e0 communiquer avec vous. <\/p>\n\n\n\n<p>Quel plaisir ce sera. Faites-moi le bonheur de m\u2019accompagner. <\/p>\n\n\n\n<p>Par ailleurs, je profite de l\u2019occasion pour remercier Yves et Matteo de me faire confiance et de me permettre d\u2019exprimer ma passion. <\/p>\n\n\n\n<p>Vous avez d\u00e9finitivement d\u00e9nich\u00e9 l\u2019\u00e9quipe gagnante en la mati\u00e8re.<\/p>\n\n\n\n<figure class=\"wp-block-image size-full is-resized\"><img  loading=\"lazy\"  decoding=\"async\"  width=\"679\"  height=\"137\"  src=\"data:image\/png;base64,iVBORw0KGgoAAAANSUhEUgAAAAEAAAABAQMAAAAl21bKAAAAA1BMVEUAAP+KeNJXAAAAAXRSTlMAQObYZgAAAAlwSFlzAAAOxAAADsQBlSsOGwAAAApJREFUCNdjYAAAAAIAAeIhvDMAAAAASUVORK5CYII=\"  alt=\"\"  class=\"wp-image-1183 pk-lazyload\"  style=\"width:279px;height:auto\"  data-pk-sizes=\"auto\"  data-ls-sizes=\"auto, (max-width: 679px) 100vw, 679px\"  data-pk-src=\"https:\/\/carnetdyves.com\/wp-content\/uploads\/2025\/06\/Signature-richard.png\"  data-pk-srcset=\"https:\/\/carnetdyves.com\/wp-content\/uploads\/2025\/06\/Signature-richard.png 679w, https:\/\/carnetdyves.com\/wp-content\/uploads\/2025\/06\/Signature-richard-300x61.png 300w, https:\/\/carnetdyves.com\/wp-content\/uploads\/2025\/06\/Signature-richard-110x22.png 110w, https:\/\/carnetdyves.com\/wp-content\/uploads\/2025\/06\/Signature-richard-200x40.png 200w, https:\/\/carnetdyves.com\/wp-content\/uploads\/2025\/06\/Signature-richard-380x77.png 380w, https:\/\/carnetdyves.com\/wp-content\/uploads\/2025\/06\/Signature-richard-255x51.png 255w, https:\/\/carnetdyves.com\/wp-content\/uploads\/2025\/06\/Signature-richard-550x111.png 550w, https:\/\/carnetdyves.com\/wp-content\/uploads\/2025\/06\/Signature-richard-220x44.png 220w, https:\/\/carnetdyves.com\/wp-content\/uploads\/2025\/06\/Signature-richard-400x81.png 400w, https:\/\/carnetdyves.com\/wp-content\/uploads\/2025\/06\/Signature-richard-510x103.png 510w, https:\/\/carnetdyves.com\/wp-content\/uploads\/2025\/06\/Signature-richard-600x121.png 600w\" ><\/figure>\n\n\n\n<p>Je partage ce projet avec <strong>Matteo<\/strong> et <strong>Yves<\/strong>, deux passionn\u00e9s de style comme moi.<br>Vous pouvez d\u00e9couvrir leur univers ici :<br>\ud83d\udc49 <a href=\"https:\/\/carnetdyves.com\/les-fondateurs\/matteo-caprio\/\" title=\"\">Matteo<\/a><br>\ud83d\udc49 <a href=\"https:\/\/carnetdyves.com\/les-fondateurs\/yves-dron\/\" title=\"\">Yves<\/a><\/p>\n\n\n\n<h2 id=\"carnet-de-style-richard-en-image\" class=\"wp-block-heading has-large-font-size\">Carnet de style : Richard en image<\/h2>\n\n\n\n<ul class=\"wp-block-social-links has-visible-labels has-icon-color is-style-logos-only is-horizontal is-content-justification-left is-layout-flex wp-container-core-social-links-is-layout-e7cea5fb wp-block-social-links-is-layout-flex\" style=\"padding-top:0;padding-bottom:0\"><li style=\"color: #000000; \" class=\"wp-social-link wp-social-link-instagram has-black-color wp-block-social-link\"><a rel=\"noopener nofollow\" target=\"_blank\" href=\"https:\/\/www.instagram.com\/richardberthiaume1\/\" class=\"wp-block-social-link-anchor\"><svg width=\"24\" height=\"24\" viewBox=\"0 0 24 24\" version=\"1.1\" xmlns=\"http:\/\/www.w3.org\/2000\/svg\" aria-hidden=\"true\" focusable=\"false\"><path d=\"M12,4.622c2.403,0,2.688,0.009,3.637,0.052c0.877,0.04,1.354,0.187,1.671,0.31c0.42,0.163,0.72,0.358,1.035,0.673 c0.315,0.315,0.51,0.615,0.673,1.035c0.123,0.317,0.27,0.794,0.31,1.671c0.043,0.949,0.052,1.234,0.052,3.637 s-0.009,2.688-0.052,3.637c-0.04,0.877-0.187,1.354-0.31,1.671c-0.163,0.42-0.358,0.72-0.673,1.035 c-0.315,0.315-0.615,0.51-1.035,0.673c-0.317,0.123-0.794,0.27-1.671,0.31c-0.949,0.043-1.233,0.052-3.637,0.052 s-2.688-0.009-3.637-0.052c-0.877-0.04-1.354-0.187-1.671-0.31c-0.42-0.163-0.72-0.358-1.035-0.673 c-0.315-0.315-0.51-0.615-0.673-1.035c-0.123-0.317-0.27-0.794-0.31-1.671C4.631,14.688,4.622,14.403,4.622,12 s0.009-2.688,0.052-3.637c0.04-0.877,0.187-1.354,0.31-1.671c0.163-0.42,0.358-0.72,0.673-1.035 c0.315-0.315,0.615-0.51,1.035-0.673c0.317-0.123,0.794-0.27,1.671-0.31C9.312,4.631,9.597,4.622,12,4.622 M12,3 C9.556,3,9.249,3.01,8.289,3.054C7.331,3.098,6.677,3.25,6.105,3.472C5.513,3.702,5.011,4.01,4.511,4.511 c-0.5,0.5-0.808,1.002-1.038,1.594C3.25,6.677,3.098,7.331,3.054,8.289C3.01,9.249,3,9.556,3,12c0,2.444,0.01,2.751,0.054,3.711 c0.044,0.958,0.196,1.612,0.418,2.185c0.23,0.592,0.538,1.094,1.038,1.594c0.5,0.5,1.002,0.808,1.594,1.038 c0.572,0.222,1.227,0.375,2.185,0.418C9.249,20.99,9.556,21,12,21s2.751-0.01,3.711-0.054c0.958-0.044,1.612-0.196,2.185-0.418 c0.592-0.23,1.094-0.538,1.594-1.038c0.5-0.5,0.808-1.002,1.038-1.594c0.222-0.572,0.375-1.227,0.418-2.185 C20.99,14.751,21,14.444,21,12s-0.01-2.751-0.054-3.711c-0.044-0.958-0.196-1.612-0.418-2.185c-0.23-0.592-0.538-1.094-1.038-1.594 c-0.5-0.5-1.002-0.808-1.594-1.038c-0.572-0.222-1.227-0.375-2.185-0.418C14.751,3.01,14.444,3,12,3L12,3z M12,7.378 c-2.552,0-4.622,2.069-4.622,4.622S9.448,16.622,12,16.622s4.622-2.069,4.622-4.622S14.552,7.378,12,7.378z M12,15 c-1.657,0-3-1.343-3-3s1.343-3,3-3s3,1.343,3,3S13.657,15,12,15z M16.804,6.116c-0.596,0-1.08,0.484-1.08,1.08 s0.484,1.08,1.08,1.08c0.596,0,1.08-0.484,1.08-1.08S17.401,6.116,16.804,6.116z\"><\/path><\/svg><span class=\"wp-block-social-link-label\">richardberthiaume1<\/span><\/a><\/li><\/ul>\n\n\n\n<div class=\"wp-block-columns is-layout-flex wp-container-core-columns-is-layout-9d6595d7 wp-block-columns-is-layout-flex\">\n<div class=\"wp-block-column is-layout-flow wp-block-column-is-layout-flow\">\n<figure class=\"wp-block-image size-full\"><img  loading=\"lazy\"  decoding=\"async\"  width=\"2048\"  height=\"2560\"  src=\"data:image\/png;base64,iVBORw0KGgoAAAANSUhEUgAACAAAAAoAAQMAAAAf9lBaAAAAA1BMVEUAAP+KeNJXAAAAAXRSTlMAQObYZgAAAAlwSFlzAAAOxAAADsQBlSsOGwAAApRJREFUeNrtwYEAAAAAw6D5Ux\/gClUBAAAAAAAAAAAAAAAAAAAAAAAAAAAAAAAAAAAAAAAAAAAAAAAAAAAAAAAAAAAAAAAAAAAAAAAAAAAAAAAAAAAAAAAAAAAAAAAAAAAAAAAAAAAAAAAAAAAAAAAAAAAAAAAAAAAAAAAAAAAAAAAAAAAAAAAAAAAAAAAAAAAAAAAAAAAAAAAAAAAAAAAAAAAAAAAAAAAAAAAAAAAAAAAAAAAAAAAAAAAAAAAAAAAAAAAAAAAAAAAAAAAAAAAAAAAAAAAAAAAAAAAAAAAAAAAAAAAAAAAAAAAAAAAAAAAAAAAAAAAAAAAAAAAAAAAAAAAAAAAAAAAAAAAAAAAAAAAAAAAAAAAAAAAAAAAAAAAAAAAAAAAAAAAAAAAAAAAAAAAAAAAAAAAAAAAAAAAAAAAAAAAAAAAAAAAAAAAAAAAAAAAAAAAAAAAAAAAAAAAAAAAAAAAAAAAAAAAAAAAAAAAAAAAAAAAAAAAAAAAAAAAAAAAAAAAAAAAAAAAAAAAAAAAAAAAAAAAAAAAAAAAAAAAAAAAAAAAAAAAAAAAAAAAAAAAAAAAAAAAAAAAAAAAAAAAAAAAAAAAAAAAAAAAAAAAAAAAAAAAAAAAAAAAAAAAAAAAAAAAAAAAAAAAAAAAAAAAAAAAAAAAAAAAAAAAAAAAAAAAAAAAAAAAAAAAAAAAAAAAAAAAAAAAAAAAAAAAAAAAAAAAAAAAAAAAAAAAAAAAAAAAAAAAAAAAAAAAAAAAAAAAAAAAAAAAAAAAAAAAAAAAAAAAAAAAAAAAAAAAAAAAAAAAAAAAAAAAAAAAAAAAAAAAAAAAAAAAAAAAAAAAAAAAAAAAAAAAAAAAAAAAAAAAAwBsKlgABo127RwAAAABJRU5ErkJggg==\"  alt=\"Richard porte un costume marron au Pitti Uomo \u00e0 Florence, incarnant un style sartorial masculin et affirm\u00e9.\"  class=\"wp-image-1104 pk-lazyload\"  data-pk-sizes=\"auto\"  data-ls-sizes=\"auto, (max-width: 2048px) 100vw, 2048px\"  data-pk-src=\"https:\/\/carnetdyves.com\/wp-content\/uploads\/2025\/05\/rich-4-scaled.jpg\"  data-pk-srcset=\"https:\/\/carnetdyves.com\/wp-content\/uploads\/2025\/05\/rich-4-scaled.jpg 2048w, https:\/\/carnetdyves.com\/wp-content\/uploads\/2025\/05\/rich-4-240x300.jpg 240w, https:\/\/carnetdyves.com\/wp-content\/uploads\/2025\/05\/rich-4-819x1024.jpg 819w, https:\/\/carnetdyves.com\/wp-content\/uploads\/2025\/05\/rich-4-768x960.jpg 768w, https:\/\/carnetdyves.com\/wp-content\/uploads\/2025\/05\/rich-4-1229x1536.jpg 1229w, https:\/\/carnetdyves.com\/wp-content\/uploads\/2025\/05\/rich-4-1638x2048.jpg 1638w, https:\/\/carnetdyves.com\/wp-content\/uploads\/2025\/05\/rich-4-110x137.jpg 110w, https:\/\/carnetdyves.com\/wp-content\/uploads\/2025\/05\/rich-4-200x250.jpg 200w, https:\/\/carnetdyves.com\/wp-content\/uploads\/2025\/05\/rich-4-380x475.jpg 380w, https:\/\/carnetdyves.com\/wp-content\/uploads\/2025\/05\/rich-4-255x318.jpg 255w, https:\/\/carnetdyves.com\/wp-content\/uploads\/2025\/05\/rich-4-300x375.jpg 300w, https:\/\/carnetdyves.com\/wp-content\/uploads\/2025\/05\/rich-4-550x687.jpg 550w, https:\/\/carnetdyves.com\/wp-content\/uploads\/2025\/05\/rich-4-800x1000.jpg 800w, https:\/\/carnetdyves.com\/wp-content\/uploads\/2025\/05\/rich-4-1160x1450.jpg 1160w, https:\/\/carnetdyves.com\/wp-content\/uploads\/2025\/05\/rich-4-2458x3072.jpg 2458w, https:\/\/carnetdyves.com\/wp-content\/uploads\/2025\/05\/rich-4-3277x4096.jpg 3277w, https:\/\/carnetdyves.com\/wp-content\/uploads\/2025\/05\/rich-4-220x274.jpg 220w, https:\/\/carnetdyves.com\/wp-content\/uploads\/2025\/05\/rich-4-400x500.jpg 400w, https:\/\/carnetdyves.com\/wp-content\/uploads\/2025\/05\/rich-4-760x950.jpg 760w, https:\/\/carnetdyves.com\/wp-content\/uploads\/2025\/05\/rich-4-510x637.jpg 510w, https:\/\/carnetdyves.com\/wp-content\/uploads\/2025\/05\/rich-4-600x750.jpg 600w, https:\/\/carnetdyves.com\/wp-content\/uploads\/2025\/05\/rich-4-1100x1374.jpg 1100w, https:\/\/carnetdyves.com\/wp-content\/uploads\/2025\/05\/rich-4-1600x2000.jpg 1600w, https:\/\/carnetdyves.com\/wp-content\/uploads\/2025\/05\/rich-4-2320x2900.jpg 2320w, https:\/\/carnetdyves.com\/wp-content\/uploads\/2025\/05\/rich-4-480x600.jpg 480w, https:\/\/carnetdyves.com\/wp-content\/uploads\/2025\/05\/rich-4-1536x1920.jpg 1536w\" ><figcaption class=\"wp-element-caption\">Style sartorial au Pitti Uomo : Richard en costume marron \u2014 Carnet d\u2019Yves<\/figcaption><\/figure>\n<\/div>\n\n\n\n<div class=\"wp-block-column is-layout-flow wp-block-column-is-layout-flow\">\n<figure class=\"wp-block-image size-large\"><img  loading=\"lazy\"  decoding=\"async\"  width=\"819\"  height=\"1024\"  src=\"data:image\/png;base64,iVBORw0KGgoAAAANSUhEUgAAAzMAAAQAAQMAAADvLJV4AAAAA1BMVEUAAP+KeNJXAAAAAXRSTlMAQObYZgAAAAlwSFlzAAAOxAAADsQBlSsOGwAAAH5JREFUeNrtwQENAAAAwqD3T20PBxQAAAAAAAAAAAAAAAAAAAAAAAAAAAAAAAAAAAAAAAAAAAAAAAAAAAAAAAAAAAAAAAAAAAAAAAAAAAAAAAAAAAAAAAAAAAAAAAAAAAAAAAAAAAAAAAAAAAAAAAAAAAAAAAAAAAAAAADAhwGgDwABzMrXgAAAAABJRU5ErkJggg==\"  alt=\"Richard marche dans les rues de Florence avec un veston vert et un pantalon beige, dans un style italien d\u00e9contract\u00e9.\"  class=\"wp-image-1101 pk-lazyload\"  data-pk-sizes=\"auto\"  data-ls-sizes=\"auto, (max-width: 819px) 100vw, 819px\"  data-pk-src=\"https:\/\/carnetdyves.com\/wp-content\/uploads\/2025\/05\/rich-1-819x1024.jpg\"  data-pk-srcset=\"https:\/\/carnetdyves.com\/wp-content\/uploads\/2025\/05\/rich-1-819x1024.jpg 819w, https:\/\/carnetdyves.com\/wp-content\/uploads\/2025\/05\/rich-1-240x300.jpg 240w, https:\/\/carnetdyves.com\/wp-content\/uploads\/2025\/05\/rich-1-768x960.jpg 768w, https:\/\/carnetdyves.com\/wp-content\/uploads\/2025\/05\/rich-1-1229x1536.jpg 1229w, https:\/\/carnetdyves.com\/wp-content\/uploads\/2025\/05\/rich-1-1638x2048.jpg 1638w, https:\/\/carnetdyves.com\/wp-content\/uploads\/2025\/05\/rich-1-110x137.jpg 110w, https:\/\/carnetdyves.com\/wp-content\/uploads\/2025\/05\/rich-1-200x250.jpg 200w, https:\/\/carnetdyves.com\/wp-content\/uploads\/2025\/05\/rich-1-380x475.jpg 380w, https:\/\/carnetdyves.com\/wp-content\/uploads\/2025\/05\/rich-1-255x318.jpg 255w, https:\/\/carnetdyves.com\/wp-content\/uploads\/2025\/05\/rich-1-300x375.jpg 300w, https:\/\/carnetdyves.com\/wp-content\/uploads\/2025\/05\/rich-1-550x687.jpg 550w, https:\/\/carnetdyves.com\/wp-content\/uploads\/2025\/05\/rich-1-800x1000.jpg 800w, https:\/\/carnetdyves.com\/wp-content\/uploads\/2025\/05\/rich-1-1160x1450.jpg 1160w, https:\/\/carnetdyves.com\/wp-content\/uploads\/2025\/05\/rich-1-2458x3072.jpg 2458w, https:\/\/carnetdyves.com\/wp-content\/uploads\/2025\/05\/rich-1-3277x4096.jpg 3277w, https:\/\/carnetdyves.com\/wp-content\/uploads\/2025\/05\/rich-1-220x274.jpg 220w, https:\/\/carnetdyves.com\/wp-content\/uploads\/2025\/05\/rich-1-400x500.jpg 400w, https:\/\/carnetdyves.com\/wp-content\/uploads\/2025\/05\/rich-1-760x950.jpg 760w, https:\/\/carnetdyves.com\/wp-content\/uploads\/2025\/05\/rich-1-510x637.jpg 510w, https:\/\/carnetdyves.com\/wp-content\/uploads\/2025\/05\/rich-1-600x750.jpg 600w, https:\/\/carnetdyves.com\/wp-content\/uploads\/2025\/05\/rich-1-1100x1374.jpg 1100w, https:\/\/carnetdyves.com\/wp-content\/uploads\/2025\/05\/rich-1-1600x2000.jpg 1600w, https:\/\/carnetdyves.com\/wp-content\/uploads\/2025\/05\/rich-1-2320x2900.jpg 2320w, https:\/\/carnetdyves.com\/wp-content\/uploads\/2025\/05\/rich-1-480x600.jpg 480w, https:\/\/carnetdyves.com\/wp-content\/uploads\/2025\/05\/rich-1-1536x1920.jpg 1536w, https:\/\/carnetdyves.com\/wp-content\/uploads\/2025\/05\/rich-1-scaled.jpg 2048w\" ><figcaption class=\"wp-element-caption\">\u00c9l\u00e9gance italienne dans les rues de Florence \u2014 Carnet d\u2019Yves<\/figcaption><\/figure>\n<\/div>\n\n\n\n<div class=\"wp-block-column is-layout-flow wp-block-column-is-layout-flow\">\n<figure class=\"wp-block-image size-large\"><img  loading=\"lazy\"  decoding=\"async\"  width=\"819\"  height=\"1024\"  src=\"data:image\/png;base64,iVBORw0KGgoAAAANSUhEUgAAAzMAAAQAAQMAAADvLJV4AAAAA1BMVEUAAP+KeNJXAAAAAXRSTlMAQObYZgAAAAlwSFlzAAAOxAAADsQBlSsOGwAAAH5JREFUeNrtwQENAAAAwqD3T20PBxQAAAAAAAAAAAAAAAAAAAAAAAAAAAAAAAAAAAAAAAAAAAAAAAAAAAAAAAAAAAAAAAAAAAAAAAAAAAAAAAAAAAAAAAAAAAAAAAAAAAAAAAAAAAAAAAAAAAAAAAAAAAAAAAAAAAAAAADAhwGgDwABzMrXgAAAAABJRU5ErkJggg==\"  alt=\"\tRichard en costume gris au Pitti Uomo, un style masculin classique et raffin\u00e9.\"  class=\"wp-image-1103 pk-lazyload\"  data-pk-sizes=\"auto\"  data-ls-sizes=\"auto, (max-width: 819px) 100vw, 819px\"  data-pk-src=\"https:\/\/carnetdyves.com\/wp-content\/uploads\/2025\/05\/rich-3-819x1024.jpg\"  data-pk-srcset=\"https:\/\/carnetdyves.com\/wp-content\/uploads\/2025\/05\/rich-3-819x1024.jpg 819w, https:\/\/carnetdyves.com\/wp-content\/uploads\/2025\/05\/rich-3-240x300.jpg 240w, https:\/\/carnetdyves.com\/wp-content\/uploads\/2025\/05\/rich-3-768x960.jpg 768w, https:\/\/carnetdyves.com\/wp-content\/uploads\/2025\/05\/rich-3-1229x1536.jpg 1229w, https:\/\/carnetdyves.com\/wp-content\/uploads\/2025\/05\/rich-3-1638x2048.jpg 1638w, https:\/\/carnetdyves.com\/wp-content\/uploads\/2025\/05\/rich-3-110x137.jpg 110w, https:\/\/carnetdyves.com\/wp-content\/uploads\/2025\/05\/rich-3-200x250.jpg 200w, https:\/\/carnetdyves.com\/wp-content\/uploads\/2025\/05\/rich-3-380x475.jpg 380w, https:\/\/carnetdyves.com\/wp-content\/uploads\/2025\/05\/rich-3-255x318.jpg 255w, https:\/\/carnetdyves.com\/wp-content\/uploads\/2025\/05\/rich-3-300x375.jpg 300w, https:\/\/carnetdyves.com\/wp-content\/uploads\/2025\/05\/rich-3-550x687.jpg 550w, https:\/\/carnetdyves.com\/wp-content\/uploads\/2025\/05\/rich-3-800x1000.jpg 800w, https:\/\/carnetdyves.com\/wp-content\/uploads\/2025\/05\/rich-3-1160x1450.jpg 1160w, https:\/\/carnetdyves.com\/wp-content\/uploads\/2025\/05\/rich-3-2458x3072.jpg 2458w, https:\/\/carnetdyves.com\/wp-content\/uploads\/2025\/05\/rich-3-3277x4096.jpg 3277w, https:\/\/carnetdyves.com\/wp-content\/uploads\/2025\/05\/rich-3-220x274.jpg 220w, https:\/\/carnetdyves.com\/wp-content\/uploads\/2025\/05\/rich-3-400x500.jpg 400w, https:\/\/carnetdyves.com\/wp-content\/uploads\/2025\/05\/rich-3-760x950.jpg 760w, https:\/\/carnetdyves.com\/wp-content\/uploads\/2025\/05\/rich-3-510x637.jpg 510w, https:\/\/carnetdyves.com\/wp-content\/uploads\/2025\/05\/rich-3-600x750.jpg 600w, https:\/\/carnetdyves.com\/wp-content\/uploads\/2025\/05\/rich-3-1100x1374.jpg 1100w, https:\/\/carnetdyves.com\/wp-content\/uploads\/2025\/05\/rich-3-1600x2000.jpg 1600w, https:\/\/carnetdyves.com\/wp-content\/uploads\/2025\/05\/rich-3-2320x2900.jpg 2320w, https:\/\/carnetdyves.com\/wp-content\/uploads\/2025\/05\/rich-3-480x600.jpg 480w, https:\/\/carnetdyves.com\/wp-content\/uploads\/2025\/05\/rich-3-1536x1920.jpg 1536w, https:\/\/carnetdyves.com\/wp-content\/uploads\/2025\/05\/rich-3-scaled.jpg 2048w\" ><figcaption class=\"wp-element-caption\">Sobri\u00e9t\u00e9 \u00e9l\u00e9gante : Richard en costume gris au Pitti Uomo \u2014 Carnet d\u2019Yves<\/figcaption><\/figure>\n<\/div>\n<\/div>\n","protected":false},"excerpt":{"rendered":"Richard, c\u2019est l\u2019\u00e9l\u00e9gance sans effort, le tailoring instinctif, l\u2019\u00e2me d\u2019un gentleman moderne. Son parcours La passion ne se&hellip;\n","protected":false},"author":2,"featured_media":1080,"parent":910,"menu_order":0,"comment_status":"closed","ping_status":"closed","template":"","meta":{"om_disable_all_campaigns":false,"_monsterinsights_skip_tracking":false,"_monsterinsights_sitenote_active":false,"_monsterinsights_sitenote_note":"","_monsterinsights_sitenote_category":0,"footnotes":""},"class_list":["post-1047","page","type-page","status-publish","has-post-thumbnail"],"aioseo_notices":[],"_links":{"self":[{"href":"https:\/\/carnetdyves.com\/en\/wp-json\/wp\/v2\/pages\/1047","targetHints":{"allow":["GET"]}}],"collection":[{"href":"https:\/\/carnetdyves.com\/en\/wp-json\/wp\/v2\/pages"}],"about":[{"href":"https:\/\/carnetdyves.com\/en\/wp-json\/wp\/v2\/types\/page"}],"author":[{"embeddable":true,"href":"https:\/\/carnetdyves.com\/en\/wp-json\/wp\/v2\/users\/2"}],"replies":[{"embeddable":true,"href":"https:\/\/carnetdyves.com\/en\/wp-json\/wp\/v2\/comments?post=1047"}],"version-history":[{"count":37,"href":"https:\/\/carnetdyves.com\/en\/wp-json\/wp\/v2\/pages\/1047\/revisions"}],"predecessor-version":[{"id":1300,"href":"https:\/\/carnetdyves.com\/en\/wp-json\/wp\/v2\/pages\/1047\/revisions\/1300"}],"up":[{"embeddable":true,"href":"https:\/\/carnetdyves.com\/en\/wp-json\/wp\/v2\/pages\/910"}],"wp:featuredmedia":[{"embeddable":true,"href":"https:\/\/carnetdyves.com\/en\/wp-json\/wp\/v2\/media\/1080"}],"wp:attachment":[{"href":"https:\/\/carnetdyves.com\/en\/wp-json\/wp\/v2\/media?parent=1047"}],"curies":[{"name":"wp","href":"https:\/\/api.w.org\/{rel}","templated":true}]}}